{"id":637,"date":"2021-07-10T15:24:26","date_gmt":"2021-07-10T15:24:26","guid":{"rendered":"https:\/\/oplus.law\/?page_id=637"},"modified":"2021-07-10T15:24:27","modified_gmt":"2021-07-10T15:24:27","slug":"mentions-legales","status":"publish","type":"page","link":"https:\/\/oplus.law\/es\/mentions-legales\/","title":{"rendered":"Mentions l\u00e9gales"},"content":{"rendered":"\n<ul class=\"wp-block-list\"><li><strong>Informations l\u00e9gales<\/strong><\/li><\/ul>\n\n\n\n<p>Le site\n<a href=\"http:\/\/www.oplus.law\">www.oplus.law<\/a> est \u00e9dit\u00e9 par la SELAS OPLUS, au\ncapital de 10&nbsp;000 euros, dont le si\u00e8ge social est situ\u00e9 74 avenue de\nWagram, 75017 Paris, immatricul\u00e9e au RCS PARIS sous le n\u00b0800&nbsp;986&nbsp;796,\net repr\u00e9sent\u00e9e par son pr\u00e9sident, Ma\u00eetre Olivier Pardo \u2013 T\u00e9l\u00e9phone +33 1 46 22\n56 56 \u2013&nbsp;N\u00b0 de TVA intracommunautaire FR61800986796.<\/p>\n\n\n\n<p><strong>Cr\u00e9ation et webdesign<\/strong><br> Thomas Desnoyers<\/p>\n\n\n\n<p><strong>Photos<\/strong><br>Ugo&amp;Valentin<\/p>\n\n\n\n<p><strong>H\u00e9bergement<\/strong><br> OVH<br> 2 rue Kellermann <br> 59100 Roubaix<br> FRANCE<\/p>\n\n\n\n<ul class=\"wp-block-list\"><li><strong>Responsabilit\u00e9<\/strong><\/li><\/ul>\n\n\n\n<p>La\nSELAS OPLUS s\u2019engage \u00e0 faire ses meilleurs efforts pour assurer aux\nutilisateurs une accessibilit\u00e9 du site \u00e0 tout moment. Toutefois, elle ne pourra\n\u00eatre tenue responsable en cas d\u2019indisponibilit\u00e9 du site, pour quelque cause que\nce soit.<\/p>\n\n\n\n<p>L\u2019utilisateur\ndu site reconna\u00eet avoir pris connaissance de la pr\u00e9sente notice l\u00e9gale et\ns\u2019engage \u00e0 la respecter.<\/p>\n\n\n\n<p>L\u2019utilisateur\nreconna\u00eet disposer de la comp\u00e9tence et des moyens n\u00e9cessaires pour acc\u00e9der au\nsite et l\u2019utiliser, et reconna\u00eet avoir v\u00e9rifi\u00e9 que la configuration informatique\nutilis\u00e9e ne contient aucun virus et qu\u2019elle est en parfait \u00e9tat de\nfonctionnement.<\/p>\n\n\n\n<p>La\nSELAS OPLUS ne peut garantir l\u2019exactitude et la compl\u00e9tude des informations\ndiffus\u00e9es sur son site ni la permanence de son bon fonctionnement ou sa totale\ns\u00e9curit\u00e9 informatique.<\/p>\n\n\n\n<p>La\nSELAS OPLUS met tout en \u0153uvre pour offrir aux utilisateurs des informations et\ndes outils disponibles et v\u00e9rifi\u00e9s, mais ne saurait \u00eatre tenue responsable des\nerreurs, d\u2019une absence de disponibilit\u00e9 des informations et\/ou de la pr\u00e9sence\nde virus ou autres infections logiques sur son site.<\/p>\n\n\n\n<p>Les\ninformations fournies par la SELAS OPLUS le sont \u00e0 titre indicatif. La SELAS OPLUS\nne saurait garantir l\u2019exactitude, la compl\u00e9tude, l\u2019actualit\u00e9 des informations\ndiffus\u00e9es sur le site.<\/p>\n\n\n\n<p>L\u2019utilisateur\nreconna\u00eet utiliser les informations et outils disponibles sur le site sous sa\nresponsabilit\u00e9 exclusive.<\/p>\n\n\n\n<ul class=\"wp-block-list\"><li><strong>Protection des donn\u00e9es \u00e0\ncaract\u00e8re personnel<\/strong><\/li><\/ul>\n\n\n\n<p>Les\ntraitements de donn\u00e9es \u00e0 caract\u00e8re personnel mis en \u0153uvre dans le cadre du site\nwww.oplus.law&nbsp;sont int\u00e9gr\u00e9s dans la liste des traitements du D\u00e9l\u00e9gu\u00e9 \u00e0 la\nprotection des donn\u00e9es de la SELAS OPLUS. <\/p>\n\n\n\n<p>Conform\u00e9ment\n\u00e0 l\u2019article 32 de la loi n\u00b078-17 relative \u00e0 l\u2019informatique, aux fichiers et aux\nlibert\u00e9s du 6 janvier 1978 modifi\u00e9e, la SELAS OPLUS responsable de traitement,\ninforme l\u2019utilisateur qu\u2019il met en \u0153uvre un traitement de donn\u00e9es \u00e0 caract\u00e8re\npersonnel le concernant. Les informations communiqu\u00e9es par l\u2019utilisateur par le\nbiais des formulaires disponibles le cas \u00e9ch\u00e9ant sur le site ou par courrier\n\u00e9lectronique aux adresses indiqu\u00e9es sur le site sont destin\u00e9es aux personnels\nhabilit\u00e9s de la SELAS OPLUS, \u00e0 des fins de gestion administrative et\ncommerciale.<\/p>\n\n\n\n<p>L\u2019utilisateur\ndispose d\u2019un droit d\u2019acc\u00e8s, d\u2019interrogation, de modification, de rectification\net de suppression des donn\u00e9es \u00e0 caract\u00e8re personnel le concernant.<\/p>\n\n\n\n<p>L\u2019utilisateur\ndispose \u00e9galement d\u2019un droit d\u2019opposition au traitement de ses donn\u00e9es \u00e0\ncaract\u00e8re personnel pour des motifs l\u00e9gitimes, ainsi que d\u2019un droit\nd\u2019opposition \u00e0 ce que ces donn\u00e9es soient utilis\u00e9es \u00e0 des fins de prospection\ncommerciale.<\/p>\n\n\n\n<p>Pour\nexercer ses droits, l\u2019utilisateur doit adresser un courrier \u00e0 la SELAS OPLUS accompagn\u00e9\nd\u2019une copie d\u2019un titre d\u2019identit\u00e9 sign\u00e9 \u00e0 l\u2019adresse suivante&nbsp;: OPLUS, 74\navenue de Wagram, 75017 Paris, \u00e0 l\u2019attention de Antoine Cadeo de Iturbide, ou\npar courrier \u00e9lectronique \u00e0 l\u2019adresse&nbsp;<a href=\"mailto:privacy@oplus.law\">privacy@oplus.law<\/a> <\/p>\n\n\n\n<p>L\u2019utilisateur\ndu site est tenu de respecter les dispositions de la loi n\u00b078-17 relative \u00e0\nl\u2019informatique, aux fichiers et aux libert\u00e9s du 6 janvier 1978 modifi\u00e9e, dont\nla violation est passible de sanctions p\u00e9nales. Notamment, il doit s\u2019abstenir\nde toute collecte, de toute utilisation d\u00e9tourn\u00e9e et, d\u2019une mani\u00e8re g\u00e9n\u00e9rale,\nde tout acte susceptible de porter atteinte \u00e0 la vie priv\u00e9e ou \u00e0 la r\u00e9putation\ndes personnes.<\/p>\n\n\n\n<ul class=\"wp-block-list\"><li><strong>Propri\u00e9t\u00e9 intellectuelle<\/strong><\/li><\/ul>\n\n\n\n<p>Le site\n<a href=\"http:\/\/www.oplus.law\">www.oplus.law<\/a> pris dans sa globalit\u00e9, ainsi que\nchacun des \u00e9l\u00e9ments qui le compose pris ind\u00e9pendamment, notamment les\nprogrammes et d\u00e9veloppements sp\u00e9cifiques et les contenus incluant des donn\u00e9es,\ntextes, images fixes ou anim\u00e9es, logotypes, sons, graphiques, fichiers, sont la\npropri\u00e9t\u00e9 exclusive de la SELAS OPLUS ou de tiers qui lui ont conc\u00e9d\u00e9 une\nlicence. Toute repr\u00e9sentation totale ou partielle du site ou d\u2019un des \u00e9l\u00e9ments\nqui le composent sans l\u2019autorisation expresse de la SELAS OPLUS est interdite\net constituerait une contrefa\u00e7on sanctionn\u00e9e par les articles L.335-2 et\nsuivants du Code de la propri\u00e9t\u00e9 intellectuelle.<\/p>\n\n\n\n<p>Les\nbases de donn\u00e9es figurant sur le site sont prot\u00e9g\u00e9es par les articles L.341-1\net suivants du Code de la propri\u00e9t\u00e9 intellectuelle et est sanctionn\u00e9e toute\nextraction ou r\u00e9utilisation qualitativement ou quantitativement substantielle\ndu contenu des bases de donn\u00e9es.<\/p>\n\n\n\n<p>Les\nmarques et les logotypes figurant sur le site sont des marques d\u00e9pos\u00e9es par la\nSELAS OPLUS ou par des tiers. Toute reproduction, imitation ou usage, total ou\npartiel, de ces signes distinctifs sans l\u2019autorisation expresse et en violation\ndes interdictions pr\u00e9vues aux articles L.713-2 et suivants du Code de la\npropri\u00e9t\u00e9 intellectuelle engage la responsabilit\u00e9 de leur auteur.<\/p>\n\n\n\n<p>Les\nautres signes distinctifs, notamment les d\u00e9nominations sociales, noms\ncommerciaux, enseignes, noms de domaine reproduits sur le site sont la\npropri\u00e9t\u00e9 de la SELAS OPLUS ou des tiers et toute reproduction sans\nautorisation expresse est susceptible de constituer une usurpation engageant la\nresponsabilit\u00e9 de son auteur sur le fondement de l\u2019article 1382 du Code civil.<\/p>\n\n\n\n<ul class=\"wp-block-list\"><li><strong>Liens<\/strong><\/li><\/ul>\n\n\n\n<p>Les\nliens propos\u00e9s vers des sites tiers ne sauraient engager la responsabilit\u00e9 de la\nSELAS OPLUS quant \u00e0 leurs conditions d\u2019acc\u00e8s et \u00e0 leur contenu.<\/p>\n\n\n\n<ul class=\"wp-block-list\"><li><strong>Loi applicable<\/strong><\/li><\/ul>\n\n\n\n<p>Le\npr\u00e9sent site est r\u00e9gi par les lois fran\u00e7aises.<\/p>\n\n\n\n<ul class=\"wp-block-list\"><li><strong>Modification<\/strong><\/li><\/ul>\n\n\n\n<p>La\nSELAS OPLUS se r\u00e9serve le droit de modifier le contenu de la pr\u00e9sente notice\nl\u00e9gale \u00e0 tout moment et sans pr\u00e9avis.<\/p>\n\n\n\n<p>L\u2019utilisateur\nest donc invit\u00e9 \u00e0 la consulter r\u00e9guli\u00e8rement.<\/p>\n","protected":false},"excerpt":{"rendered":"<p>Informations l\u00e9gales Le site www.oplus.law est \u00e9dit\u00e9 par la SELAS OPLUS, au capital de 10&nbsp;000 euros, dont le si\u00e8ge social est situ\u00e9 74 avenue de Wagram, 75017 Paris, immatricul\u00e9e au RCS PARIS sous le n\u00b0800&nbsp;986&nbsp;796, et repr\u00e9sent\u00e9e par son pr\u00e9sident, Ma\u00eetre Olivier Pardo \u2013 T\u00e9l\u00e9phone +33 1 46 22 56 56 \u2013&nbsp;N\u00b0 de TVA intracommunautaire [&hellip;]<\/p>\n","protected":false},"author":1,"featured_media":0,"parent":0,"menu_order":0,"comment_status":"closed","ping_status":"closed","template":"","meta":{"footnotes":""},"class_list":["post-637","page","type-page","status-publish","hentry"],"_links":{"self":[{"href":"https:\/\/oplus.law\/es\/wp-json\/wp\/v2\/pages\/637","targetHints":{"allow":["GET"]}}],"collection":[{"href":"https:\/\/oplus.law\/es\/wp-json\/wp\/v2\/pages"}],"about":[{"href":"https:\/\/oplus.law\/es\/wp-json\/wp\/v2\/types\/page"}],"author":[{"embeddable":true,"href":"https:\/\/oplus.law\/es\/wp-json\/wp\/v2\/users\/1"}],"replies":[{"embeddable":true,"href":"https:\/\/oplus.law\/es\/wp-json\/wp\/v2\/comments?post=637"}],"version-history":[{"count":1,"href":"https:\/\/oplus.law\/es\/wp-json\/wp\/v2\/pages\/637\/revisions"}],"predecessor-version":[{"id":638,"href":"https:\/\/oplus.law\/es\/wp-json\/wp\/v2\/pages\/637\/revisions\/638"}],"wp:attachment":[{"href":"https:\/\/oplus.law\/es\/wp-json\/wp\/v2\/media?parent=637"}],"curies":[{"name":"wp","href":"https:\/\/api.w.org\/{rel}","templated":true}]}}